{"id":7,"date":"2019-08-19T03:42:12","date_gmt":"2019-08-19T03:42:12","guid":{"rendered":"https:\/\/fundacaopadregabriel.com.br\/site\/?page_id=7"},"modified":"2021-06-14T17:10:55","modified_gmt":"2021-06-14T20:10:55","slug":"home","status":"publish","type":"page","link":"https:\/\/fundacaopadregabriel.com.br\/site\/","title":{"rendered":"Home"},"content":{"rendered":"\t\t<div data-elementor-type=\"wp-page\" data-elementor-id=\"7\" class=\"elementor elementor-7\">\n\t\t\t\t\t\t<div class=\"elementor-inner\">\n\t\t\t\t<div class=\"elementor-section-wrap\">\n\t\t\t\t\t\t\t\t\t<section class=\"elementor-section elementor-top-section elementor-element elementor-element-d759aac elementor-section-full_width elementor-section-height-default elementor-section-height-default\" data-id=\"d759aac\" data-element_type=\"section\">\n\t\t\t\t\t\t<div class=\"elementor-container elementor-column-gap-default\">\n\t\t\t\t\t\t\t<div class=\"elementor-row\">\n\t\t\t\t\t<div class=\"elementor-column elementor-col-100 elementor-top-column elementor-element elementor-element-c29535f\" data-id=\"c29535f\" data-element_type=\"column\">\n\t\t\t<div class=\"elementor-column-wrap elementor-element-populated\">\n\t\t\t\t\t\t\t<div class=\"elementor-widget-wrap\">\n\t\t\t\t\t\t<div class=\"elementor-element elementor-element-fbfce5a elementor-widget elementor-widget-slider_revolution\" data-id=\"fbfce5a\" data-element_type=\"widget\" data-widget_type=\"slider_revolution.default\">\n\t\t\t\t<div class=\"elementor-widget-container\">\n\t\t\t\t\t<div class=\"elementor-shortcode\">\n\t\t\t<!-- START Home 1 REVOLUTION SLIDER 6.1.0 --><p class=\"rs-p-wp-fix\"><\/p>\n\t\t\t<rs-module-wrap id=\"rev_slider_6_1_wrapper\" data-source=\"gallery\" style=\"background:transparent;padding:0;margin:0px auto;margin-top:0;margin-bottom:0;\">\n\t\t\t\t<rs-module id=\"rev_slider_6_1\" style=\"display:none;\" data-version=\"6.1.0\">\n\t\t\t\t\t<rs-slides>\n\t\t\t\t\t\t<rs-slide data-key=\"rs-49\" data-title=\"Slide\" data-anim=\"ei:d;eo:d;s:2010;r:0;t:slidingoverlayhorizontal;sl:d;\">\n\t\t\t\t\t\t\t<img decoding=\"async\" loading=\"lazy\" src=\"\/\/fundacaopadregabriel.com.br\/site\/wp-content\/uploads\/2019\/08\/slider_image1.jpg\" title=\"slider_image1\" width=\"1600\" height=\"600\" class=\"rev-slidebg\" data-no-retina>\n<!--\n\t\t\t\t\t\t\t--><rs-layer\n\t\t\t\t\t\t\t\tid=\"slider-6-slide-49-layer-0\" \n\t\t\t\t\t\t\t\tdata-type=\"shape\"\n\t\t\t\t\t\t\t\tdata-rsp_ch=\"on\"\n\t\t\t\t\t\t\t\tdata-text=\"w:normal;s:20,18,13,6;l:0,23,17,8;\"\n\t\t\t\t\t\t\t\tdata-dim=\"w:100%;h:100%;\"\n\t\t\t\t\t\t\t\tdata-basealign=\"slide\"\n\t\t\t\t\t\t\t\tdata-frame_999=\"o:0;st:w;sR:8700;\"\n\t\t\t\t\t\t\t\tstyle=\"z-index:8;background:linear-gradient(90deg, rgba(27,153,87,1) 0%, rgba(27,153,87,0.1) 70%, rgba(27,153,87,0.1) 100%);font-family:Roboto;\"\n\t\t\t\t\t\t\t> \n\t\t\t\t\t\t\t<\/rs-layer><!--\n\n\t\t\t\t\t\t\t--><rs-layer\n\t\t\t\t\t\t\t\tid=\"slider-6-slide-49-layer-2\" \n\t\t\t\t\t\t\t\tdata-type=\"text\"\n\t\t\t\t\t\t\t\tdata-color=\"#fff\"\n\t\t\t\t\t\t\t\tdata-rsp_ch=\"on\"\n\t\t\t\t\t\t\t\tdata-xy=\"xo:-15px,17px,11px,0;yo:240px,221px,165px,103px;\"\n\t\t\t\t\t\t\t\tdata-text=\"w:normal;s:52,47,35,26;l:58,53,39,32;fw:800;\"\n\t\t\t\t\t\t\t\tdata-dim=\"w:669px,617px,462px,328px;minh:0px,none,none,none;\"\n\t\t\t\t\t\t\t\tdata-padding=\"r:15,14,11,15;l:15,14,11,15;\"\n\t\t\t\t\t\t\t\tdata-frame_0=\"x:175%;o:1;\"\n\t\t\t\t\t\t\t\tdata-frame_0_mask=\"u:t;x:-100%;\"\n\t\t\t\t\t\t\t\tdata-frame_1=\"e:Power3.easeOut;st:1340;sp:1500;sR:1340;\"\n\t\t\t\t\t\t\t\tdata-frame_1_mask=\"u:t;\"\n\t\t\t\t\t\t\t\tdata-frame_999=\"o:0;st:w;sR:6160;\"\n\t\t\t\t\t\t\t\tstyle=\"z-index:12;font-family:Open Sans;text-transform:uppercase;\"\n\t\t\t\t\t\t\t>FUNDA\u00c7\u00c3O PADRE GABRIEL CORRER \n\t\t\t\t\t\t\t<\/rs-layer><!--\n\n\t\t\t\t\t\t\t--><rs-layer\n\t\t\t\t\t\t\t\tid=\"slider-6-slide-49-layer-5\" \n\t\t\t\t\t\t\t\tdata-type=\"text\"\n\t\t\t\t\t\t\t\tdata-rsp_ch=\"on\"\n\t\t\t\t\t\t\t\tdata-xy=\"xo:-15px,17px,11px,11px;yo:384px,354px,265px,188px;\"\n\t\t\t\t\t\t\t\tdata-text=\"w:normal;s:18,20,20,18;l:28,28,28,24;fw:400,400,600,600;\"\n\t\t\t\t\t\t\t\tdata-dim=\"w:566px,522px,514px,356px;\"\n\t\t\t\t\t\t\t\tdata-padding=\"r:15,14,11,15;l:15,14,11,15;\"\n\t\t\t\t\t\t\t\tdata-frame_0=\"y:100%;\"\n\t\t\t\t\t\t\t\tdata-frame_1=\"e:Power4.easeInOut;st:2050;sp:1500;sR:2050;\"\n\t\t\t\t\t\t\t\tdata-frame_999=\"o:0;st:w;sR:5450;\"\n\t\t\t\t\t\t\t\tstyle=\"z-index:11;font-family:Open Sans;\"\n\t\t\t\t\t\t\t><div class=\"slider-desc\">Fundamenta-se nos valores morais e \u00e9ticos e tem por finalidade: a defesa, promo\u00e7\u00e3o da assist\u00eancia social, assessoramento e prote\u00e7\u00e3o da fam\u00edlia.<\/div> \n\t\t\t\t\t\t\t<\/rs-layer><!--\n-->\t\t\t\t\t\t<\/rs-slide>\n\t\t\t\t\t<\/rs-slides>\n\t\t\t\t\t<rs-static-layers><!--\n\t\t\t\t\t--><\/rs-static-layers>\n\t\t\t\t\t<rs-progress class=\"rs-bottom\" style=\"visibility: hidden !important;\"><\/rs-progress>\n\t\t\t\t<\/rs-module>\n\t\t\t\t<script type=\"text\/javascript\">\n\t\t\t\t\tsetREVStartSize({c: 'rev_slider_6_1',rl:[1240,1024,778,480],el:[700,600,480,500],gw:[1110,1024,768,375],gh:[700,600,480,500],layout:'fullwidth',mh:\"0\"});\n\t\t\t\t\tvar\trevapi6,\n\t\t\t\t\t\ttpj;\n\t\t\t\t\tjQuery(function() {\n\t\t\t\t\t\ttpj = jQuery;\n\t\t\t\t\t\tif(tpj(\"#rev_slider_6_1\").revolution == undefined){\n\t\t\t\t\t\t\trevslider_showDoubleJqueryError(\"#rev_slider_6_1\");\n\t\t\t\t\t\t}else{\n\t\t\t\t\t\t\trevapi6 = tpj(\"#rev_slider_6_1\").show().revolution({\n\t\t\t\t\t\t\t\tjsFileLocation:\"\/\/fundacaopadregabriel.com.br\/site\/wp-content\/plugins\/revslider\/public\/assets\/js\/\",\n\t\t\t\t\t\t\t\tsliderLayout:\"fullwidth\",\n\t\t\t\t\t\t\t\tvisibilityLevels:\"1240,1024,778,480\",\n\t\t\t\t\t\t\t\tgridwidth:\"1110,1024,768,375\",\n\t\t\t\t\t\t\t\tgridheight:\"700,600,480,500\",\n\t\t\t\t\t\t\t\tminHeight:\"\",\n\t\t\t\t\t\t\t\tspinner:\"spinner0\",\n\t\t\t\t\t\t\t\teditorheight:\"700,600,480,500\",\n\t\t\t\t\t\t\t\tresponsiveLevels:\"1240,1024,778,480\",\n\t\t\t\t\t\t\t\tdisableProgressBar:\"on\",\n\t\t\t\t\t\t\t\tnavigation: {\n\t\t\t\t\t\t\t\t\tonHoverStop:false\n\t\t\t\t\t\t\t\t},\n\t\t\t\t\t\t\t\tfallbacks: {\n\t\t\t\t\t\t\t\t\tallowHTML5AutoPlayOnAndroid:true\n\t\t\t\t\t\t\t\t},\n\t\t\t\t\t\t\t});\n\t\t\t\t\t\t}\n\t\t\t\t\t\t\n\t\t\t\t\t});\n\t\t\t\t<\/script>\n\t\t\t\t<script>\n\t\t\t\t\tvar htmlDivCss = unescape(\"%40media%20%28max-width%3A767px%29%7B%0A%20%20.slider-desc%7B%7D%0A%7D\");\n\t\t\t\t\tvar htmlDiv = document.getElementById('rs-plugin-settings-inline-css');\n\t\t\t\t\tif(htmlDiv) {\n\t\t\t\t\t\thtmlDiv.innerHTML = htmlDiv.innerHTML + htmlDivCss;\n\t\t\t\t\t}else{\n\t\t\t\t\t\tvar htmlDiv = document.createElement('div');\n\t\t\t\t\t\thtmlDiv.innerHTML = '<style>' + htmlDivCss + '<\/style>';\n\t\t\t\t\t\tdocument.getElementsByTagName('head')[0].appendChild(htmlDiv.childNodes[0]);\n\t\t\t\t\t}\n\t\t\t\t<\/script>\n\t\t\t<\/rs-module-wrap>\n\t\t\t<!-- END REVOLUTION SLIDER -->\n<\/div>\n\t\t\t\t<\/div>\n\t\t\t\t<\/div>\n\t\t\t\t\t\t<\/div>\n\t\t\t\t\t<\/div>\n\t\t<\/div>\n\t\t\t\t\t\t\t\t<\/div>\n\t\t\t\t\t<\/div>\n\t\t<\/section>\n\t\t\t\t\t\t\t\t\t<\/div>\n\t\t\t<\/div>\n\t\t\t\t\t<\/div>\n\t\t","protected":false},"excerpt":{"rendered":"","protected":false},"author":1,"featured_media":0,"parent":0,"menu_order":0,"comment_status":"closed","ping_status":"closed","template":"template\/homepage-template.php","meta":[],"_links":{"self":[{"href":"https:\/\/fundacaopadregabriel.com.br\/site\/wp-json\/wp\/v2\/pages\/7"}],"collection":[{"href":"https:\/\/fundacaopadregabriel.com.br\/site\/wp-json\/wp\/v2\/pages"}],"about":[{"href":"https:\/\/fundacaopadregabriel.com.br\/site\/wp-json\/wp\/v2\/types\/page"}],"author":[{"embeddable":true,"href":"https:\/\/fundacaopadregabriel.com.br\/site\/wp-json\/wp\/v2\/users\/1"}],"replies":[{"embeddable":true,"href":"https:\/\/fundacaopadregabriel.com.br\/site\/wp-json\/wp\/v2\/comments?post=7"}],"version-history":[{"count":4,"href":"https:\/\/fundacaopadregabriel.com.br\/site\/wp-json\/wp\/v2\/pages\/7\/revisions"}],"predecessor-version":[{"id":4087,"href":"https:\/\/fundacaopadregabriel.com.br\/site\/wp-json\/wp\/v2\/pages\/7\/revisions\/4087"}],"wp:attachment":[{"href":"https:\/\/fundacaopadregabriel.com.br\/site\/wp-json\/wp\/v2\/media?parent=7"}],"curies":[{"name":"wp","href":"https:\/\/api.w.org\/{rel}","templated":true}]}}