{"id":4056,"date":"2019-11-02T17:32:27","date_gmt":"2019-11-02T20:32:27","guid":{"rendered":"https:\/\/fundacaopadregabriel.com.br\/site\/?page_id=4056"},"modified":"2024-04-22T18:06:29","modified_gmt":"2024-04-22T21:06:29","slug":"casa-de-passagem","status":"publish","type":"page","link":"https:\/\/fundacaopadregabriel.com.br\/site\/casa-de-passagem\/","title":{"rendered":"Casa de passagem &#8220;Madre Teresa de Calcut\u00e1&#8221;"},"content":{"rendered":"\t\t<div data-elementor-type=\"wp-page\" data-elementor-id=\"4056\" class=\"elementor elementor-4056\">\n\t\t\t\t\t\t<div class=\"elementor-inner\">\n\t\t\t\t<div class=\"elementor-section-wrap\">\n\t\t\t\t\t\t\t\t\t<section class=\"elementor-section elementor-top-section elementor-element elementor-element-546220c elementor-section-boxed elementor-section-height-default elementor-section-height-default\" data-id=\"546220c\" data-element_type=\"section\">\n\t\t\t\t\t\t<div class=\"elementor-container elementor-column-gap-default\">\n\t\t\t\t\t\t\t<div class=\"elementor-row\">\n\t\t\t\t\t<div class=\"elementor-column elementor-col-100 elementor-top-column elementor-element elementor-element-d238f05\" data-id=\"d238f05\" data-element_type=\"column\">\n\t\t\t<div class=\"elementor-column-wrap elementor-element-populated\">\n\t\t\t\t\t\t\t<div class=\"elementor-widget-wrap\">\n\t\t\t\t\t\t<section class=\"elementor-section elementor-inner-section elementor-element elementor-element-379dffd elementor-section-boxed elementor-section-height-default elementor-section-height-default\" data-id=\"379dffd\" data-element_type=\"section\">\n\t\t\t\t\t\t<div class=\"elementor-container elementor-column-gap-default\">\n\t\t\t\t\t\t\t<div class=\"elementor-row\">\n\t\t\t\t\t<div class=\"elementor-column elementor-col-100 elementor-inner-column elementor-element elementor-element-c34cd9e text-justify\" data-id=\"c34cd9e\" data-element_type=\"column\">\n\t\t\t<div class=\"elementor-column-wrap elementor-element-populated\">\n\t\t\t\t\t\t\t<div class=\"elementor-widget-wrap\">\n\t\t\t\t\t\t<div class=\"elementor-element elementor-element-c942cdb elementor-widget elementor-widget-text-editor\" data-id=\"c942cdb\" data-element_type=\"widget\" data-widget_type=\"text-editor.default\">\n\t\t\t\t<div class=\"elementor-widget-container\">\n\t\t\t\t\t\t\t\t<div class=\"elementor-text-editor elementor-clearfix\">\n\t\t\t\t<p>Frente ao trabalho desenvolvido pela <strong>Funda\u00e7\u00e3o Padre Gabriel Correr<\/strong> diante das quest\u00f5es envolvendo o uso abusivo de subst\u00e2ncias psicoativas e de \u00e1lcool, al\u00e9m das quest\u00f5es sociais envolvendo o aumento da popula\u00e7\u00e3o em situa\u00e7\u00e3o de rua, surge a necessidade de um local apropriado para o acolhimento daqueles que necessitavam de acolhimento imediato e emergencial e de abrigo, para o exerc\u00edcio do direito de perman\u00eancia com seguran\u00e7a, igualdade e condi\u00e7\u00f5es de acesso aos servi\u00e7os p\u00fablicos.<\/p><p>Desta forma, no ano de 2014, surge o projeto <strong>Casa de Passagem \u201cMadre Teresa de Calcut\u00e1\u201d<\/strong>, de acolhimento institucional ofertado aos indiv\u00edduos que se encontram em situa\u00e7\u00e3o de rua, em situa\u00e7\u00e3o de abandono ou com v\u00ednculos familiares rompidos e sem refer\u00eancia de moradia convencional, atender\u00e1 aos que necessitem de acolhimento social.\u00a0\u00a0\u00a0\u00a0<\/p><p>Diante da contextualiza\u00e7\u00e3o apresentada, este servi\u00e7o tem por finalidade oferecer atendimento em per\u00edodo integral (24hs), em Prote\u00e7\u00e3o Social Especial de Alta Complexidade, com servi\u00e7o de acolhimento institucional que garanta condi\u00e7\u00f5es de estadia, conv\u00edvio e endere\u00e7o de refer\u00eancia, para acolher com privacidade pessoas em situa\u00e7\u00e3o de rua e desabrigo por abandono, migra\u00e7\u00e3o, aus\u00eancia de resid\u00eancia ou pessoas em tr\u00e2nsito e sem condi\u00e7\u00f5es de autossustento e autonomia.<\/p>\t\t\t\t\t<\/div>\n\t\t\t\t\t\t<\/div>\n\t\t\t\t<\/div>\n\t\t\t\t\t\t<\/div>\n\t\t\t\t\t<\/div>\n\t\t<\/div>\n\t\t\t\t\t\t\t\t<\/div>\n\t\t\t\t\t<\/div>\n\t\t<\/section>\n\t\t\t\t\t\t<\/div>\n\t\t\t\t\t<\/div>\n\t\t<\/div>\n\t\t\t\t\t\t\t\t<\/div>\n\t\t\t\t\t<\/div>\n\t\t<\/section>\n\t\t\t\t\t\t\t\t\t<\/div>\n\t\t\t<\/div>\n\t\t\t\t\t<\/div>\n\t\t","protected":false},"excerpt":{"rendered":"<p>Frente ao trabalho desenvolvido pela Funda\u00c3\u00a7\u00c3\u00a3o Padre Gabriel Correr diante das quest\u00c3\u00b5es envolvendo o uso abusivo de subst\u00c3\u00a2ncias psicoativas e de \u00c3\u00a1lcool, al\u00c3\u00a9m das quest\u00c3\u00b5es sociais envolvendo o aumento da popula\u00c3\u00a7\u00c3\u00a3o em situa\u00c3\u00a7\u00c3\u00a3o de rua, surge a necessidade de um local apropriado para o acolhimento daqueles que necessitavam de acolhimento imediato e emergencial e de [&hellip;]<\/p>\n","protected":false},"author":1,"featured_media":0,"parent":0,"menu_order":0,"comment_status":"closed","ping_status":"closed","template":"template\/full-width-template.php","meta":[],"_links":{"self":[{"href":"https:\/\/fundacaopadregabriel.com.br\/site\/wp-json\/wp\/v2\/pages\/4056"}],"collection":[{"href":"https:\/\/fundacaopadregabriel.com.br\/site\/wp-json\/wp\/v2\/pages"}],"about":[{"href":"https:\/\/fundacaopadregabriel.com.br\/site\/wp-json\/wp\/v2\/types\/page"}],"author":[{"embeddable":true,"href":"https:\/\/fundacaopadregabriel.com.br\/site\/wp-json\/wp\/v2\/users\/1"}],"replies":[{"embeddable":true,"href":"https:\/\/fundacaopadregabriel.com.br\/site\/wp-json\/wp\/v2\/comments?post=4056"}],"version-history":[{"count":4,"href":"https:\/\/fundacaopadregabriel.com.br\/site\/wp-json\/wp\/v2\/pages\/4056\/revisions"}],"predecessor-version":[{"id":4354,"href":"https:\/\/fundacaopadregabriel.com.br\/site\/wp-json\/wp\/v2\/pages\/4056\/revisions\/4354"}],"wp:attachment":[{"href":"https:\/\/fundacaopadregabriel.com.br\/site\/wp-json\/wp\/v2\/media?parent=4056"}],"curies":[{"name":"wp","href":"https:\/\/api.w.org\/{rel}","templated":true}]}}